{"id":5997,"date":"2024-01-28T06:59:13","date_gmt":"2024-01-28T06:59:13","guid":{"rendered":"https:\/\/www.directcm.app\/?page_id=5997"},"modified":"2026-02-21T10:41:38","modified_gmt":"2026-02-21T10:41:38","slug":"privacy-policy","status":"publish","type":"page","link":"https:\/\/directcm.com\/es\/privacy-policy\/","title":{"rendered":"pol\u00edtica de privacidad"},"content":{"rendered":"<div data-elementor-type=\"wp-page\" data-elementor-id=\"5997\" class=\"elementor elementor-5997\" data-elementor-post-type=\"page\">\n\t\t\t\t\t\t<section class=\"elementor-section elementor-top-section elementor-element elementor-element-2eac907 elementor-section-boxed elementor-section-height-default elementor-section-height-default\" data-id=\"2eac907\" data-element_type=\"section\" data-e-type=\"section\" data-settings=\"{&quot;jet_parallax_layout_list&quot;:[]}\">\n\t\t\t\t\t\t<div class=\"elementor-container elementor-column-gap-default\">\n\t\t\t\t\t<div class=\"elementor-column elementor-col-100 elementor-top-column elementor-element elementor-element-f226dbe\" data-id=\"f226dbe\" data-element_type=\"column\" data-e-type=\"column\">\n\t\t\t<div class=\"elementor-widget-wrap elementor-element-populated\">\n\t\t\t\t\t\t<div class=\"elementor-element elementor-element-5f176ed elementor-widget elementor-widget-heading\" data-id=\"5f176ed\" data-element_type=\"widget\" data-e-type=\"widget\" data-widget_type=\"heading.default\">\n\t\t\t\t<div class=\"elementor-widget-container\">\n\t\t\t\t\t<h1 class=\"elementor-heading-title elementor-size-default\">pol\u00edtica de privacidad<\/h1>\t\t\t\t<\/div>\n\t\t\t\t<\/div>\n\t\t\t\t<div class=\"elementor-element elementor-element-3a924d1 elementor-widget-divider--view-line elementor-widget elementor-widget-divider\" data-id=\"3a924d1\" data-element_type=\"widget\" data-e-type=\"widget\" data-widget_type=\"divider.default\">\n\t\t\t\t<div class=\"elementor-widget-container\">\n\t\t\t\t\t\t\t<div class=\"elementor-divider\">\n\t\t\t<span class=\"elementor-divider-separator\">\n\t\t\t\t\t\t<\/span>\n\t\t<\/div>\n\t\t\t\t\t\t<\/div>\n\t\t\t\t<\/div>\n\t\t\t\t<div class=\"elementor-element elementor-element-80c171f elementor-widget elementor-widget-text-editor\" data-id=\"80c171f\" data-element_type=\"widget\" data-e-type=\"widget\" data-widget_type=\"text-editor.default\">\n\t\t\t\t<div class=\"elementor-widget-container\">\n\t\t\t\t\t\t\t\t\t<p><strong>Recopilaci\u00f3n de informaci\u00f3n personal<\/strong><\/p><p>&#8220;Personal Information&#8221; pertains to identifiable data including, but not limited to, names, addresses, email addresses, telephone numbers, login credentials, online order histories, employment details, social media profiles, and payment card information. DirectCM collects such information for purposes including:<\/p><ul><li>Establecimiento y mantenimiento de cuentas de usuarios y procesamiento de pedidos.<\/li><li>Env\u00edo de materiales promocionales y personalizaci\u00f3n de experiencias de usuario.<\/li><li>Prestaci\u00f3n de atenci\u00f3n al cliente y tramitaci\u00f3n de solicitudes de empleo.<\/li><\/ul><p>La informaci\u00f3n tambi\u00e9n se recopila autom\u00e1ticamente durante el uso del sitio web, que incluye detalles de la visita, direcciones IP y especificaciones del dispositivo y del navegador, para mejorar la usabilidad y personalizaci\u00f3n del sitio.<\/p><p>Adem\u00e1s, podemos combinar esta informaci\u00f3n con datos de otras fuentes para aumentar la precisi\u00f3n y adaptar nuestras interacciones. Proporcionar informaci\u00f3n de terceros implica el consentimiento del comprador. Los destinatarios tienen la opci\u00f3n de optar por no recibir comunicaciones como se describe en nuestras comunicaciones iniciales o contact\u00e1ndonos directamente.<\/p><p><strong>Utilizaci\u00f3n de informaci\u00f3n personal<\/strong><\/p><p>La informaci\u00f3n personal se utiliza para:<\/p><ul><li>Ejecuci\u00f3n de solicitudes y transacciones de productos o servicios.<\/li><li>Gesti\u00f3n de cuentas y suscripciones.<\/li><li>Mejora y personalizaci\u00f3n de nuestro sitio y servicios.<\/li><li>Fines de investigaci\u00f3n y an\u00e1lisis.<\/li><li>Comunicaci\u00f3n a trav\u00e9s de diversos medios, incluidos correo electr\u00f3nico, mensajes de texto, correo directo y notificaciones.<\/li><li>Env\u00edo de promociones relacionadas con el negocio.<\/li><li>Respuestas a consultas y garant\u00eda de seguridad.<\/li><li>Prevenci\u00f3n de fraude y cumplimiento de nuestros T\u00e9rminos de servicio.<\/li><li>Cumplimiento de obligaciones legales.<\/li><\/ul><p><strong>Divulgaci\u00f3n de informaci\u00f3n personal<\/strong><\/p><p>Si bien no nos dedicamos a la venta de Informaci\u00f3n personal, s\u00ed la compartimos con terceros para:<\/p><ul><li>Fines operativos y de mejora de nuestro negocio y servicios.<\/li><li>Entrega, personalizaci\u00f3n y promoci\u00f3n de nuestros servicios.<\/li><li>Fines leg\u00edtimos seg\u00fan lo establecido por la ley o con su consentimiento expl\u00edcito.<\/li><\/ul><p><strong>Los modos de compartir informaci\u00f3n incluyen:<\/strong><\/p><ul><li>Con Profesionales de la Salud para fines transaccionales.<\/li><li>Amongst DirectCM entities for support, operational, and data processing needs.<\/li><li>Con proveedores de servicios (por ejemplo, almacenamiento en la nube, env\u00edo, procesamiento de pagos, atenci\u00f3n al cliente), quienes est\u00e1n obligados a salvaguardar la informaci\u00f3n de acuerdo con nuestra Declaraci\u00f3n de Privacidad.<\/li><li>Con entidades para la funcionalidad del sitio (cookies, etiquetas) y ofertas relacionadas con productos\/servicios.<\/li><li>A trav\u00e9s de redes publicitarias de terceros.<\/li><li>En el contexto de transacciones comerciales como fusiones o adquisiciones.<\/li><li>Con fines legales, de seguridad nacional o de protecci\u00f3n.<\/li><li>Para fines espec\u00edficos, como referencias, sujeto a su consentimiento.<\/li><li>Compartir informaci\u00f3n an\u00f3nima o no identificada.<\/li><\/ul><p>Linking your DirectCM account with other services enables data exchange for functionalities such as EHR integrations. To revoke permission, disconnect through the respective service provider.<\/p><p><strong>Seguridad de la informaci\u00f3n personal<\/strong><\/p><p>Empleamos medidas t\u00e9cnicas, f\u00edsicas y administrativas apropiadas para salvaguardar la informaci\u00f3n personal. Estas medidas tienen como objetivo evitar el acceso no autorizado, p\u00e9rdida o da\u00f1o. Nos aseguramos de que los terceros que manejan sus datos tambi\u00e9n mantengan controles s\u00f3lidos de privacidad y seguridad.<\/p><p>Sin embargo, no se puede garantizar una seguridad absoluta. Los usuarios son responsables de la confidencialidad de sus contrase\u00f1as y de la seguridad de su informaci\u00f3n. En casos de uso no autorizado, se recomienda contactar inmediatamente para desactivar la contrase\u00f1a.<\/p><p>Renunciamos a toda responsabilidad por los da\u00f1os que surjan de violaciones de seguridad, salvo que lo exija la ley. La transmisi\u00f3n de datos personales implica inherentemente riesgos. Para consultas relacionadas con la seguridad, por favor cont\u00e1ctenos.<\/p><p><strong>Retenci\u00f3n de informaci\u00f3n personal<\/strong><\/p><p>La Informaci\u00f3n personal se conserva durante el tiempo necesario para el fin previsto, el cumplimiento de obligaciones legales, la resoluci\u00f3n de disputas, la protecci\u00f3n de activos y el cumplimiento de acuerdos.<\/p><p><strong>Uso de Cookies y Tecnolog\u00edas Web<\/strong><\/p><p>DirectCM employs tools such as cookies, web links, and beacons to gather data, analyze traffic patterns, and personalize services. These tools collect information including browser types, referring websites, IP addresses, browsing histories, and site interactions.<\/p><p><strong>Los aspectos destacables incluyen:<\/strong><\/p><ul><li>Utilizaci\u00f3n de direcciones IP para la identificaci\u00f3n de dispositivos y facilitaci\u00f3n de la comunicaci\u00f3n en l\u00ednea.<\/li><li>Recopilaci\u00f3n de datos de flujo de clics para mejorar la navegaci\u00f3n del sitio web.<\/li><li>Presencia de widgets de terceros en nuestro sitio, sujetos a sus respectivas pol\u00edticas de privacidad.<\/li><\/ul><p><strong>Derechos de privacidad espec\u00edficos del estado<\/strong><\/p><ul><li>Residentes de California: seg\u00fan la Ley &quot;Shine the Light&quot;, los residentes pueden consultar sobre datos personales compartidos con otras empresas con fines de marketing directo. Las solicitudes deben dirigirse a <a href=\"mailto:CS@DirectCM.com\">CS@DirectCM.com<\/a> .<\/li><li>Residentes de Nevada: No vendemos informaci\u00f3n personal seg\u00fan lo define la ley del estado de Nevada. Los cambios a esta pol\u00edtica se reflejar\u00e1n en nuestra declaraci\u00f3n de privacidad.<\/li><\/ul><p><strong>Informaci\u00f3n del contacto<\/strong><\/p><p>Para asuntos relacionados con la privacidad, comun\u00edquese con:<\/p><ul><li>Correo electr\u00f3nico: <a href=\"mailto:CS@DirectCM.com\">CS@DirectCM.com<\/a><\/li><li>Phone: 949-508-1899<\/li><li>Mail: DirectCM, Privacy Officer, 18008 Sky Park Cir #100B, Irvine, CA 92614<\/li><\/ul>\t\t\t\t\t\t\t\t<\/div>\n\t\t\t\t<\/div>\n\t\t\t\t\t<\/div>\n\t\t<\/div>\n\t\t\t\t\t<\/div>\n\t\t<\/section>\n\t\t\t\t<\/div>","protected":false},"excerpt":{"rendered":"<p>Privacy Policy Collection of Personal Information &#8220;Personal Information&#8221; pertains to identifiable data including, but not limited to, names, addresses, email [&hellip;]<\/p>","protected":false},"author":1,"featured_media":0,"parent":0,"menu_order":0,"comment_status":"closed","ping_status":"closed","template":"","meta":{"site-sidebar-layout":"no-sidebar","site-content-layout":"","ast-site-content-layout":"full-width-container","site-content-style":"default","site-sidebar-style":"default","ast-global-header-display":"","ast-banner-title-visibility":"","ast-main-header-display":"","ast-hfb-above-header-display":"","ast-hfb-below-header-display":"","ast-hfb-mobile-header-display":"","site-post-title":"disabled","ast-breadcrumbs-content":"","ast-featured-img":"disabled","footer-sml-layout":"","theme-transparent-header-meta":"","adv-header-id-meta":"","stick-header-meta":"","header-above-stick-meta":"","header-main-stick-meta":"","header-below-stick-meta":"","astra-migrate-meta-layouts":"default","ast-page-background-enabled":"default","ast-page-background-meta":{"desktop":{"background-color":"var(--ast-global-color-4)","background-image":"","background-repeat":"repeat","background-position":"center center","background-size":"auto","background-attachment":"scroll","background-type":"","background-media":"","overlay-type":"","overlay-color":"","overlay-gradient":""},"tablet":{"background-color":"","background-image":"","background-repeat":"repeat","background-position":"center center","background-size":"auto","background-attachment":"scroll","background-type":"","background-media":"","overlay-type":"","overlay-color":"","overlay-gradient":""},"mobile":{"background-color":"","background-image":"","background-repeat":"repeat","background-position":"center center","background-size":"auto","background-attachment":"scroll","background-type":"","background-media":"","overlay-type":"","overlay-color":"","overlay-gradient":""}},"ast-content-background-meta":{"desktop":{"background-color":"var(--ast-global-color-5)","background-image":"","background-repeat":"repeat","background-position":"center center","background-size":"auto","background-attachment":"scroll","background-type":"","background-media":"","overlay-type":"","overlay-color":"","overlay-gradient":""},"tablet":{"background-color":"var(--ast-global-color-5)","background-image":"","background-repeat":"repeat","background-position":"center center","background-size":"auto","background-attachment":"scroll","background-type":"","background-media":"","overlay-type":"","overlay-color":"","overlay-gradient":""},"mobile":{"background-color":"var(--ast-global-color-5)","background-image":"","background-repeat":"repeat","background-position":"center center","background-size":"auto","background-attachment":"scroll","background-type":"","background-media":"","overlay-type":"","overlay-color":"","overlay-gradient":""}},"footnotes":""},"class_list":["post-5997","page","type-page","status-publish","hentry"],"_links":{"self":[{"href":"https:\/\/directcm.com\/es\/wp-json\/wp\/v2\/pages\/5997","targetHints":{"allow":["GET"]}}],"collection":[{"href":"https:\/\/directcm.com\/es\/wp-json\/wp\/v2\/pages"}],"about":[{"href":"https:\/\/directcm.com\/es\/wp-json\/wp\/v2\/types\/page"}],"author":[{"embeddable":true,"href":"https:\/\/directcm.com\/es\/wp-json\/wp\/v2\/users\/1"}],"replies":[{"embeddable":true,"href":"https:\/\/directcm.com\/es\/wp-json\/wp\/v2\/comments?post=5997"}],"version-history":[{"count":35,"href":"https:\/\/directcm.com\/es\/wp-json\/wp\/v2\/pages\/5997\/revisions"}],"predecessor-version":[{"id":8755,"href":"https:\/\/directcm.com\/es\/wp-json\/wp\/v2\/pages\/5997\/revisions\/8755"}],"wp:attachment":[{"href":"https:\/\/directcm.com\/es\/wp-json\/wp\/v2\/media?parent=5997"}],"curies":[{"name":"wp","href":"https:\/\/api.w.org\/{rel}","templated":true}]}}