{"id":5997,"date":"2024-01-28T06:59:13","date_gmt":"2024-01-28T06:59:13","guid":{"rendered":"https:\/\/www.directcm.app\/?page_id=5997"},"modified":"2026-02-21T10:41:38","modified_gmt":"2026-02-21T10:41:38","slug":"privacy-policy","status":"publish","type":"page","link":"https:\/\/directcm.com\/fr\/privacy-policy\/","title":{"rendered":"politique de confidentialit\u00e9"},"content":{"rendered":"<div data-elementor-type=\"wp-page\" data-elementor-id=\"5997\" class=\"elementor elementor-5997\" data-elementor-post-type=\"page\">\n\t\t\t\t\t\t<section class=\"elementor-section elementor-top-section elementor-element elementor-element-2eac907 elementor-section-boxed elementor-section-height-default elementor-section-height-default\" data-id=\"2eac907\" data-element_type=\"section\" data-e-type=\"section\" data-settings=\"{&quot;jet_parallax_layout_list&quot;:[]}\">\n\t\t\t\t\t\t<div class=\"elementor-container elementor-column-gap-default\">\n\t\t\t\t\t<div class=\"elementor-column elementor-col-100 elementor-top-column elementor-element elementor-element-f226dbe\" data-id=\"f226dbe\" data-element_type=\"column\" data-e-type=\"column\">\n\t\t\t<div class=\"elementor-widget-wrap elementor-element-populated\">\n\t\t\t\t\t\t<div class=\"elementor-element elementor-element-5f176ed elementor-widget elementor-widget-heading\" data-id=\"5f176ed\" data-element_type=\"widget\" data-e-type=\"widget\" data-widget_type=\"heading.default\">\n\t\t\t\t<div class=\"elementor-widget-container\">\n\t\t\t\t\t<h1 class=\"elementor-heading-title elementor-size-default\">politique de confidentialit\u00e9<\/h1>\t\t\t\t<\/div>\n\t\t\t\t<\/div>\n\t\t\t\t<div class=\"elementor-element elementor-element-3a924d1 elementor-widget-divider--view-line elementor-widget elementor-widget-divider\" data-id=\"3a924d1\" data-element_type=\"widget\" data-e-type=\"widget\" data-widget_type=\"divider.default\">\n\t\t\t\t<div class=\"elementor-widget-container\">\n\t\t\t\t\t\t\t<div class=\"elementor-divider\">\n\t\t\t<span class=\"elementor-divider-separator\">\n\t\t\t\t\t\t<\/span>\n\t\t<\/div>\n\t\t\t\t\t\t<\/div>\n\t\t\t\t<\/div>\n\t\t\t\t<div class=\"elementor-element elementor-element-80c171f elementor-widget elementor-widget-text-editor\" data-id=\"80c171f\" data-element_type=\"widget\" data-e-type=\"widget\" data-widget_type=\"text-editor.default\">\n\t\t\t\t<div class=\"elementor-widget-container\">\n\t\t\t\t\t\t\t\t\t<p><strong>Collecte de renseignements personnels<\/strong><\/p><p>&#8220;Personal Information&#8221; pertains to identifiable data including, but not limited to, names, addresses, email addresses, telephone numbers, login credentials, online order histories, employment details, social media profiles, and payment card information. DirectCM collects such information for purposes including:<\/p><ul><li>Cr\u00e9ation et maintenance des comptes utilisateurs et traitement des commandes.<\/li><li>Envoi de mat\u00e9riel promotionnel et personnalisation des exp\u00e9riences utilisateur.<\/li><li>Assurer le service client et traiter les demandes d&#039;emploi.<\/li><\/ul><p>Des informations sont \u00e9galement automatiquement collect\u00e9es lors de l&#039;utilisation du site Web, notamment les d\u00e9tails de la visite, les adresses IP et les sp\u00e9cifications de l&#039;appareil et du navigateur, afin d&#039;am\u00e9liorer la convivialit\u00e9 et la personnalisation du site.<\/p><p>De plus, nous pouvons fusionner ces informations avec des donn\u00e9es provenant d&#039;autres sources pour augmenter la pr\u00e9cision et adapter nos interactions. La fourniture d&#039;informations \u00e0 des tiers implique le consentement du donneur d&#039;ordre. Les destinataires ont la possibilit\u00e9 de se d\u00e9sinscrire des communications comme indiqu\u00e9 dans nos communications initiales ou en nous contactant directement.<\/p><p><strong>Utilisation des informations personnelles<\/strong><\/p><p>Les informations personnelles sont utilis\u00e9es pour\u00a0:<\/p><ul><li>Ex\u00e9cution de demandes et de transactions de produits ou de services.<\/li><li>Gestion des comptes et des abonnements.<\/li><li>Am\u00e9lioration et personnalisation de notre site et de nos services.<\/li><li>\u00c0 des fins de recherche et d\u2019analyse.<\/li><li>Communication par divers moyens, notamment le courrier \u00e9lectronique, la messagerie texte, le publipostage et les notifications.<\/li><li>Envoi de promotions li\u00e9es aux affaires.<\/li><li>R\u00e9ponses aux demandes de renseignements et assurance de la s\u00e9curit\u00e9.<\/li><li>Pr\u00e9vention de la fraude et application de nos conditions d&#039;utilisation.<\/li><li>Respect des obligations l\u00e9gales.<\/li><\/ul><p><strong>Divulgation de renseignements personnels<\/strong><\/p><p>Bien que nous ne vendions pas d&#039;informations personnelles, nous les partageons avec des tiers pour\u00a0:<\/p><ul><li>Objectifs op\u00e9rationnels et d\u2019am\u00e9lioration de notre activit\u00e9 et de nos services.<\/li><li>Livraison, personnalisation et promotion de nos services.<\/li><li>Fins l\u00e9gitimes prescrites par la loi ou avec votre consentement explicite.<\/li><\/ul><p><strong>Les modes de partage d&#039;informations comprennent\u00a0:<\/strong><\/p><ul><li>Avec des Professionnels de Sant\u00e9 \u00e0 des fins transactionnelles.<\/li><li>Amongst DirectCM entities for support, operational, and data processing needs.<\/li><li>Avec des prestataires de services (par exemple, stockage cloud, exp\u00e9dition, traitement des paiements, support client), qui sont tenus de prot\u00e9ger les informations conform\u00e9ment \u00e0 notre d\u00e9claration de confidentialit\u00e9.<\/li><li>Avec des entit\u00e9s pour les fonctionnalit\u00e9s du site (cookies, tags) et offres li\u00e9es aux produits\/services.<\/li><li>Via des r\u00e9seaux publicitaires tiers.<\/li><li>Dans le cadre d\u2019op\u00e9rations commerciales telles que des fusions ou acquisitions.<\/li><li>\u00c0 des fins juridiques, de s\u00e9curit\u00e9 nationale ou de s\u00fbret\u00e9.<\/li><li>\u00c0 des fins sp\u00e9cifiques comme les r\u00e9f\u00e9rences, sous r\u00e9serve de votre consentement.<\/li><li>Partage d\u2019informations anonymis\u00e9es ou anonymis\u00e9es.<\/li><\/ul><p>Linking your DirectCM account with other services enables data exchange for functionalities such as EHR integrations. To revoke permission, disconnect through the respective service provider.<\/p><p><strong>S\u00e9curit\u00e9 des informations personnelles<\/strong><\/p><p>Nous employons des mesures techniques, physiques et administratives appropri\u00e9es pour prot\u00e9ger les informations personnelles. Ces mesures visent \u00e0 emp\u00eacher tout acc\u00e8s non autoris\u00e9, perte ou dommage. Nous veillons \u00e0 ce que les tiers traitant vos donn\u00e9es maintiennent \u00e9galement de solides contr\u00f4les de confidentialit\u00e9 et de s\u00e9curit\u00e9.<\/p><p>N\u00e9anmoins, une s\u00e9curit\u00e9 absolue ne peut \u00eatre garantie. Les utilisateurs sont responsables de la confidentialit\u00e9 de leurs mots de passe et de la s\u00e9curit\u00e9 de leurs informations. En cas d&#039;utilisation non autoris\u00e9e, il est conseill\u00e9 de contacter imm\u00e9diatement pour d\u00e9sactiver le mot de passe.<\/p><p>Nous d\u00e9clinons toute responsabilit\u00e9 pour les dommages r\u00e9sultant de failles de s\u00e9curit\u00e9, sauf si la loi l&#039;exige. La transmission de donn\u00e9es personnelles comporte intrins\u00e8quement des risques. Pour toute demande relative \u00e0 la s\u00e9curit\u00e9, veuillez nous contacter.<\/p><p><strong>Conservation des informations personnelles<\/strong><\/p><p>Les informations personnelles sont conserv\u00e9es aussi longtemps que n\u00e9cessaire aux fins pr\u00e9vues, au respect des obligations l\u00e9gales, \u00e0 la r\u00e9solution des litiges, \u00e0 la protection des actifs et \u00e0 l&#039;application des accords.<\/p><p><strong>Utilisation des cookies et des technologies Web<\/strong><\/p><p>DirectCM employs tools such as cookies, web links, and beacons to gather data, analyze traffic patterns, and personalize services. These tools collect information including browser types, referring websites, IP addresses, browsing histories, and site interactions.<\/p><p><strong>Les aspects notables comprennent\u00a0:<\/strong><\/p><ul><li>Utilisation d&#039;adresses IP pour l&#039;identification des appareils et la facilitation de la communication en ligne.<\/li><li>Collecte de donn\u00e9es de parcours pour une navigation am\u00e9lior\u00e9e sur le site Web.<\/li><li>Pr\u00e9sence de widgets tiers sur notre site, sous r\u00e9serve de leurs politiques de confidentialit\u00e9 respectives.<\/li><\/ul><p><strong>Droits \u00e0 la vie priv\u00e9e sp\u00e9cifiques \u00e0 l&#039;\u00c9tat<\/strong><\/p><ul><li>R\u00e9sidents de Californie\u00a0: en vertu de la loi \u00ab\u00a0Shine the Light\u00a0\u00bb, les r\u00e9sidents peuvent se renseigner sur les donn\u00e9es personnelles partag\u00e9es avec d&#039;autres entreprises \u00e0 des fins de marketing direct. Les demandes doivent \u00eatre adress\u00e9es \u00e0 <a href=\"mailto:CS@DirectCM.com\">CS@DirectCM.com<\/a> .<\/li><li>R\u00e9sidents du Nevada\u00a0: nous ne vendons pas d&#039;informations personnelles telles que d\u00e9finies par la loi de l&#039;\u00c9tat du Nevada. Les modifications apport\u00e9es \u00e0 cette politique seront refl\u00e9t\u00e9es dans notre d\u00e9claration de confidentialit\u00e9.<\/li><\/ul><p><strong>Coordonn\u00e9es<\/strong><\/p><p>Pour les questions li\u00e9es \u00e0 la confidentialit\u00e9, contactez\u00a0:<\/p><ul><li>E-mail: <a href=\"mailto:CS@DirectCM.com\">CS@DirectCM.com<\/a><\/li><li>Phone: 949-508-1899<\/li><li>Mail: DirectCM, Privacy Officer, 18008 Sky Park Cir #100B, Irvine, CA 92614<\/li><\/ul>\t\t\t\t\t\t\t\t<\/div>\n\t\t\t\t<\/div>\n\t\t\t\t\t<\/div>\n\t\t<\/div>\n\t\t\t\t\t<\/div>\n\t\t<\/section>\n\t\t\t\t<\/div>","protected":false},"excerpt":{"rendered":"<p>Privacy Policy Collection of Personal Information &#8220;Personal Information&#8221; pertains to identifiable data including, but not limited to, names, addresses, email [&hellip;]<\/p>","protected":false},"author":1,"featured_media":0,"parent":0,"menu_order":0,"comment_status":"closed","ping_status":"closed","template":"","meta":{"site-sidebar-layout":"no-sidebar","site-content-layout":"","ast-site-content-layout":"full-width-container","site-content-style":"default","site-sidebar-style":"default","ast-global-header-display":"","ast-banner-title-visibility":"","ast-main-header-display":"","ast-hfb-above-header-display":"","ast-hfb-below-header-display":"","ast-hfb-mobile-header-display":"","site-post-title":"disabled","ast-breadcrumbs-content":"","ast-featured-img":"disabled","footer-sml-layout":"","theme-transparent-header-meta":"","adv-header-id-meta":"","stick-header-meta":"","header-above-stick-meta":"","header-main-stick-meta":"","header-below-stick-meta":"","astra-migrate-meta-layouts":"default","ast-page-background-enabled":"default","ast-page-background-meta":{"desktop":{"background-color":"var(--ast-global-color-4)","background-image":"","background-repeat":"repeat","background-position":"center center","background-size":"auto","background-attachment":"scroll","background-type":"","background-media":"","overlay-type":"","overlay-color":"","overlay-gradient":""},"tablet":{"background-color":"","background-image":"","background-repeat":"repeat","background-position":"center center","background-size":"auto","background-attachment":"scroll","background-type":"","background-media":"","overlay-type":"","overlay-color":"","overlay-gradient":""},"mobile":{"background-color":"","background-image":"","background-repeat":"repeat","background-position":"center center","background-size":"auto","background-attachment":"scroll","background-type":"","background-media":"","overlay-type":"","overlay-color":"","overlay-gradient":""}},"ast-content-background-meta":{"desktop":{"background-color":"var(--ast-global-color-5)","background-image":"","background-repeat":"repeat","background-position":"center center","background-size":"auto","background-attachment":"scroll","background-type":"","background-media":"","overlay-type":"","overlay-color":"","overlay-gradient":""},"tablet":{"background-color":"var(--ast-global-color-5)","background-image":"","background-repeat":"repeat","background-position":"center center","background-size":"auto","background-attachment":"scroll","background-type":"","background-media":"","overlay-type":"","overlay-color":"","overlay-gradient":""},"mobile":{"background-color":"var(--ast-global-color-5)","background-image":"","background-repeat":"repeat","background-position":"center center","background-size":"auto","background-attachment":"scroll","background-type":"","background-media":"","overlay-type":"","overlay-color":"","overlay-gradient":""}},"footnotes":""},"class_list":["post-5997","page","type-page","status-publish","hentry"],"_links":{"self":[{"href":"https:\/\/directcm.com\/fr\/wp-json\/wp\/v2\/pages\/5997","targetHints":{"allow":["GET"]}}],"collection":[{"href":"https:\/\/directcm.com\/fr\/wp-json\/wp\/v2\/pages"}],"about":[{"href":"https:\/\/directcm.com\/fr\/wp-json\/wp\/v2\/types\/page"}],"author":[{"embeddable":true,"href":"https:\/\/directcm.com\/fr\/wp-json\/wp\/v2\/users\/1"}],"replies":[{"embeddable":true,"href":"https:\/\/directcm.com\/fr\/wp-json\/wp\/v2\/comments?post=5997"}],"version-history":[{"count":35,"href":"https:\/\/directcm.com\/fr\/wp-json\/wp\/v2\/pages\/5997\/revisions"}],"predecessor-version":[{"id":8755,"href":"https:\/\/directcm.com\/fr\/wp-json\/wp\/v2\/pages\/5997\/revisions\/8755"}],"wp:attachment":[{"href":"https:\/\/directcm.com\/fr\/wp-json\/wp\/v2\/media?parent=5997"}],"curies":[{"name":"wp","href":"https:\/\/api.w.org\/{rel}","templated":true}]}}