{"id":5997,"date":"2024-01-28T06:59:13","date_gmt":"2024-01-28T06:59:13","guid":{"rendered":"https:\/\/www.directcm.app\/?page_id=5997"},"modified":"2026-02-21T10:41:38","modified_gmt":"2026-02-21T10:41:38","slug":"privacy-policy","status":"publish","type":"page","link":"https:\/\/directcm.com\/vi\/privacy-policy\/","title":{"rendered":"Ch\u00ednh s\u00e1ch b\u1ea3o m\u1eadt"},"content":{"rendered":"<div data-elementor-type=\"wp-page\" data-elementor-id=\"5997\" class=\"elementor elementor-5997\" data-elementor-post-type=\"page\">\n\t\t\t\t\t\t<section class=\"elementor-section elementor-top-section elementor-element elementor-element-2eac907 elementor-section-boxed elementor-section-height-default elementor-section-height-default\" data-id=\"2eac907\" data-element_type=\"section\" data-e-type=\"section\" data-settings=\"{&quot;jet_parallax_layout_list&quot;:[]}\">\n\t\t\t\t\t\t<div class=\"elementor-container elementor-column-gap-default\">\n\t\t\t\t\t<div class=\"elementor-column elementor-col-100 elementor-top-column elementor-element elementor-element-f226dbe\" data-id=\"f226dbe\" data-element_type=\"column\" data-e-type=\"column\">\n\t\t\t<div class=\"elementor-widget-wrap elementor-element-populated\">\n\t\t\t\t\t\t<div class=\"elementor-element elementor-element-5f176ed elementor-widget elementor-widget-heading\" data-id=\"5f176ed\" data-element_type=\"widget\" data-e-type=\"widget\" data-widget_type=\"heading.default\">\n\t\t\t\t<div class=\"elementor-widget-container\">\n\t\t\t\t\t<h1 class=\"elementor-heading-title elementor-size-default\">Ch\u00ednh s\u00e1ch b\u1ea3o m\u1eadt<\/h1>\t\t\t\t<\/div>\n\t\t\t\t<\/div>\n\t\t\t\t<div class=\"elementor-element elementor-element-3a924d1 elementor-widget-divider--view-line elementor-widget elementor-widget-divider\" data-id=\"3a924d1\" data-element_type=\"widget\" data-e-type=\"widget\" data-widget_type=\"divider.default\">\n\t\t\t\t<div class=\"elementor-widget-container\">\n\t\t\t\t\t\t\t<div class=\"elementor-divider\">\n\t\t\t<span class=\"elementor-divider-separator\">\n\t\t\t\t\t\t<\/span>\n\t\t<\/div>\n\t\t\t\t\t\t<\/div>\n\t\t\t\t<\/div>\n\t\t\t\t<div class=\"elementor-element elementor-element-80c171f elementor-widget elementor-widget-text-editor\" data-id=\"80c171f\" data-element_type=\"widget\" data-e-type=\"widget\" data-widget_type=\"text-editor.default\">\n\t\t\t\t<div class=\"elementor-widget-container\">\n\t\t\t\t\t\t\t\t\t<p><strong>Thu th\u1eadp th\u00f4ng tin c\u00e1 nh\u00e2n<\/strong><\/p><p>&#8220;Personal Information&#8221; pertains to identifiable data including, but not limited to, names, addresses, email addresses, telephone numbers, login credentials, online order histories, employment details, social media profiles, and payment card information. DirectCM collects such information for purposes including:<\/p><ul><li>Thi\u1ebft l\u1eadp v\u00e0 duy tr\u00ec t\u00e0i kho\u1ea3n ng\u01b0\u1eddi d\u00f9ng v\u00e0 x\u1eed l\u00fd \u0111\u01a1n \u0111\u1eb7t h\u00e0ng.<\/li><li>G\u1eedi t\u00e0i li\u1ec7u qu\u1ea3ng c\u00e1o v\u00e0 t\u00f9y ch\u1ec9nh tr\u1ea3i nghi\u1ec7m ng\u01b0\u1eddi d\u00f9ng.<\/li><li>Cung c\u1ea5p d\u1ecbch v\u1ee5 kh\u00e1ch h\u00e0ng v\u00e0 x\u1eed l\u00fd h\u1ed3 s\u01a1 tuy\u1ec3n d\u1ee5ng.<\/li><\/ul><p>Th\u00f4ng tin c\u0169ng \u0111\u01b0\u1ee3c t\u1ef1 \u0111\u1ed9ng thu th\u1eadp trong qu\u00e1 tr\u00ecnh s\u1eed d\u1ee5ng trang web, bao g\u1ed3m chi ti\u1ebft truy c\u1eadp, \u0111\u1ecba ch\u1ec9 IP c\u0169ng nh\u01b0 th\u00f4ng s\u1ed1 k\u1ef9 thu\u1eadt c\u1ee7a thi\u1ebft b\u1ecb v\u00e0 tr\u00ecnh duy\u1ec7t, \u0111\u1ec3 n\u00e2ng cao kh\u1ea3 n\u0103ng s\u1eed d\u1ee5ng v\u00e0 c\u00e1 nh\u00e2n h\u00f3a trang web.<\/p><p>H\u01a1n n\u1eefa, ch\u00fang t\u00f4i c\u00f3 th\u1ec3 k\u1ebft h\u1ee3p th\u00f4ng tin n\u00e0y v\u1edbi d\u1eef li\u1ec7u t\u1eeb c\u00e1c ngu\u1ed3n kh\u00e1c \u0111\u1ec3 t\u0103ng \u0111\u1ed9 ch\u00ednh x\u00e1c v\u00e0 \u0111i\u1ec1u ch\u1ec9nh c\u00e1c t\u01b0\u01a1ng t\u00e1c c\u1ee7a ch\u00fang t\u00f4i. Vi\u1ec7c cung c\u1ea5p th\u00f4ng tin c\u1ee7a b\u00ean th\u1ee9 ba h\u00e0m \u00fd s\u1ef1 \u0111\u1ed3ng \u00fd c\u1ee7a ng\u01b0\u1eddi mua. Ng\u01b0\u1eddi nh\u1eadn c\u00f3 t\u00f9y ch\u1ecdn t\u1eeb ch\u1ed1i nh\u1eadn th\u00f4ng tin li\u00ean l\u1ea1c nh\u01b0 \u0111\u00e3 n\u00eau trong th\u00f4ng tin li\u00ean l\u1ea1c ban \u0111\u1ea7u c\u1ee7a ch\u00fang t\u00f4i ho\u1eb7c b\u1eb1ng c\u00e1ch li\u00ean h\u1ec7 tr\u1ef1c ti\u1ebfp v\u1edbi ch\u00fang t\u00f4i.<\/p><p><strong>S\u1eed d\u1ee5ng th\u00f4ng tin c\u00e1 nh\u00e2n<\/strong><\/p><p>Th\u00f4ng tin c\u00e1 nh\u00e2n \u0111\u01b0\u1ee3c s\u1eed d\u1ee5ng cho:<\/p><ul><li>Th\u1ef1c hi\u1ec7n c\u00e1c y\u00eau c\u1ea7u v\u00e0 giao d\u1ecbch v\u1ec1 s\u1ea3n ph\u1ea9m ho\u1eb7c d\u1ecbch v\u1ee5.<\/li><li>Qu\u1ea3n l\u00fd t\u00e0i kho\u1ea3n v\u00e0 \u0111\u0103ng k\u00fd.<\/li><li>N\u00e2ng cao v\u00e0 c\u00e1 nh\u00e2n h\u00f3a trang web v\u00e0 d\u1ecbch v\u1ee5 c\u1ee7a ch\u00fang t\u00f4i.<\/li><li>M\u1ee5c \u0111\u00edch nghi\u00ean c\u1ee9u v\u00e0 ph\u00e2n t\u00edch.<\/li><li>Giao ti\u1ebfp th\u00f4ng qua nhi\u1ec1u ph\u01b0\u01a1ng ti\u1ec7n kh\u00e1c nhau bao g\u1ed3m email, tin nh\u1eafn v\u0103n b\u1ea3n, th\u01b0 tr\u1ef1c ti\u1ebfp v\u00e0 th\u00f4ng b\u00e1o.<\/li><li>G\u1eedi c\u00e1c ch\u01b0\u01a1ng tr\u00ecnh khuy\u1ebfn m\u00e3i li\u00ean quan \u0111\u1ebfn kinh doanh.<\/li><li>Tr\u1ea3 l\u1eddi c\u00e1c c\u00e2u h\u1ecfi v\u00e0 \u0111\u1ea3m b\u1ea3o an ninh.<\/li><li>Ng\u0103n ch\u1eb7n gian l\u1eadn v\u00e0 th\u1ef1c thi \u0110i\u1ec1u kho\u1ea3n d\u1ecbch v\u1ee5 c\u1ee7a ch\u00fang t\u00f4i.<\/li><li>Tu\u00e2n th\u1ee7 c\u00e1c ngh\u0129a v\u1ee5 ph\u00e1p l\u00fd.<\/li><\/ul><p><strong>Ti\u1ebft l\u1ed9 th\u00f4ng tin c\u00e1 nh\u00e2n<\/strong><\/p><p>M\u1eb7c d\u00f9 ch\u00fang t\u00f4i kh\u00f4ng tham gia b\u00e1n Th\u00f4ng tin c\u00e1 nh\u00e2n nh\u01b0ng ch\u00fang t\u00f4i chia s\u1ebb th\u00f4ng tin \u0111\u00f3 v\u1edbi c\u00e1c b\u00ean th\u1ee9 ba v\u00ec:<\/p><ul><li>M\u1ee5c \u0111\u00edch ho\u1ea1t \u0111\u1ed9ng v\u00e0 n\u00e2ng cao ho\u1ea1t \u0111\u1ed9ng kinh doanh v\u00e0 d\u1ecbch v\u1ee5 c\u1ee7a ch\u00fang t\u00f4i.<\/li><li>Giao h\u00e0ng, t\u00f9y ch\u1ec9nh v\u00e0 qu\u1ea3ng b\u00e1 c\u00e1c d\u1ecbch v\u1ee5 c\u1ee7a ch\u00fang t\u00f4i.<\/li><li>M\u1ee5c \u0111\u00edch h\u1ee3p ph\u00e1p theo quy \u0111\u1ecbnh c\u1ee7a ph\u00e1p lu\u1eadt ho\u1eb7c c\u00f3 s\u1ef1 \u0111\u1ed3ng \u00fd r\u00f5 r\u00e0ng c\u1ee7a b\u1ea1n.<\/li><\/ul><p><strong>C\u00e1c ph\u01b0\u01a1ng th\u1ee9c chia s\u1ebb th\u00f4ng tin bao g\u1ed3m:<\/strong><\/p><ul><li>V\u1edbi c\u00e1c Chuy\u00ean gia Y t\u1ebf cho m\u1ee5c \u0111\u00edch giao d\u1ecbch.<\/li><li>Amongst DirectCM entities for support, operational, and data processing needs.<\/li><li>V\u1edbi c\u00e1c nh\u00e0 cung c\u1ea5p d\u1ecbch v\u1ee5 (v\u00ed d\u1ee5: l\u01b0u tr\u1eef \u0111\u00e1m m\u00e2y, v\u1eadn chuy\u1ec3n, x\u1eed l\u00fd thanh to\u00e1n, h\u1ed7 tr\u1ee3 kh\u00e1ch h\u00e0ng), nh\u1eefng ng\u01b0\u1eddi c\u00f3 ngh\u0129a v\u1ee5 b\u1ea3o v\u1ec7 th\u00f4ng tin theo Tuy\u00ean b\u1ed1 v\u1ec1 quy\u1ec1n ri\u00eang t\u01b0 c\u1ee7a ch\u00fang t\u00f4i.<\/li><li>V\u1edbi c\u00e1c th\u1ef1c th\u1ec3 d\u00e0nh cho ch\u1ee9c n\u0103ng c\u1ee7a trang web (cookie, th\u1ebb) v\u00e0 c\u00e1c \u01b0u \u0111\u00e3i li\u00ean quan \u0111\u1ebfn s\u1ea3n ph\u1ea9m\/d\u1ecbch v\u1ee5.<\/li><li>Th\u00f4ng qua m\u1ea1ng qu\u1ea3ng c\u00e1o c\u1ee7a b\u00ean th\u1ee9 ba.<\/li><li>Trong b\u1ed1i c\u1ea3nh c\u00e1c giao d\u1ecbch kinh doanh nh\u01b0 s\u00e1p nh\u1eadp ho\u1eb7c mua l\u1ea1i.<\/li><li>V\u00ec m\u1ee5c \u0111\u00edch ph\u00e1p l\u00fd, an ninh qu\u1ed1c gia ho\u1eb7c an to\u00e0n.<\/li><li>\u0110\u1ed1i v\u1edbi c\u00e1c m\u1ee5c \u0111\u00edch c\u1ee5 th\u1ec3 nh\u01b0 gi\u1edbi thi\u1ec7u, ph\u1ea3i c\u00f3 s\u1ef1 \u0111\u1ed3ng \u00fd c\u1ee7a b\u1ea1n.<\/li><li>Chia s\u1ebb th\u00f4ng tin \u1ea9n danh ho\u1eb7c kh\u00f4ng x\u00e1c \u0111\u1ecbnh.<\/li><\/ul><p>Linking your DirectCM account with other services enables data exchange for functionalities such as EHR integrations. To revoke permission, disconnect through the respective service provider.<\/p><p><strong>B\u1ea3o m\u1eadt th\u00f4ng tin c\u00e1 nh\u00e2n<\/strong><\/p><p>Ch\u00fang t\u00f4i s\u1eed d\u1ee5ng c\u00e1c bi\u1ec7n ph\u00e1p k\u1ef9 thu\u1eadt, v\u1eadt l\u00fd v\u00e0 h\u00e0nh ch\u00ednh th\u00edch h\u1ee3p \u0111\u1ec3 b\u1ea3o v\u1ec7 Th\u00f4ng tin c\u00e1 nh\u00e2n. Nh\u1eefng bi\u1ec7n ph\u00e1p n\u00e0y nh\u1eb1m m\u1ee5c \u0111\u00edch ng\u0103n ch\u1eb7n vi\u1ec7c truy c\u1eadp tr\u00e1i ph\u00e9p, m\u1ea5t m\u00e1t ho\u1eb7c h\u01b0 h\u1ecfng. Ch\u00fang t\u00f4i \u0111\u1ea3m b\u1ea3o r\u1eb1ng c\u00e1c b\u00ean th\u1ee9 ba x\u1eed l\u00fd d\u1eef li\u1ec7u c\u1ee7a b\u1ea1n c\u0169ng duy tr\u00ec c\u00e1c bi\u1ec7n ph\u00e1p ki\u1ec3m so\u00e1t b\u1ea3o m\u1eadt v\u00e0 quy\u1ec1n ri\u00eang t\u01b0 m\u1ea1nh m\u1ebd.<\/p><p>Tuy nhi\u00ean, \u0111\u1ed9 an to\u00e0n tuy\u1ec7t \u0111\u1ed1i kh\u00f4ng th\u1ec3 \u0111\u01b0\u1ee3c \u0111\u1ea3m b\u1ea3o. Ng\u01b0\u1eddi d\u00f9ng ch\u1ecbu tr\u00e1ch nhi\u1ec7m v\u1ec1 t\u00ednh b\u1ea3o m\u1eadt c\u1ee7a m\u1eadt kh\u1ea9u v\u00e0 t\u00ednh b\u1ea3o m\u1eadt th\u00f4ng tin c\u1ee7a h\u1ecd. Trong tr\u01b0\u1eddng h\u1ee3p s\u1eed d\u1ee5ng tr\u00e1i ph\u00e9p, n\u00ean li\u00ean h\u1ec7 ngay \u0111\u1ec3 h\u1ee7y k\u00edch ho\u1ea1t m\u1eadt kh\u1ea9u.<\/p><p>Ch\u00fang t\u00f4i t\u1eeb ch\u1ed1i tr\u00e1ch nhi\u1ec7m ph\u00e1p l\u00fd \u0111\u1ed1i v\u1edbi nh\u1eefng thi\u1ec7t h\u1ea1i ph\u00e1t sinh t\u1eeb vi ph\u1ea1m an ninh, tr\u1eeb khi ph\u00e1p lu\u1eadt quy \u0111\u1ecbnh. Vi\u1ec7c truy\u1ec1n d\u1eef li\u1ec7u c\u00e1 nh\u00e2n v\u1ed1n d\u0129 ti\u1ec1m \u1ea9n r\u1ee7i ro. N\u1ebfu c\u00f3 th\u1eafc m\u1eafc li\u00ean quan \u0111\u1ebfn b\u1ea3o m\u1eadt, vui l\u00f2ng li\u00ean h\u1ec7 v\u1edbi ch\u00fang t\u00f4i.<\/p><p><strong>L\u01b0u gi\u1eef th\u00f4ng tin c\u00e1 nh\u00e2n<\/strong><\/p><p>Th\u00f4ng tin c\u00e1 nh\u00e2n \u0111\u01b0\u1ee3c l\u01b0u gi\u1eef mi\u1ec5n l\u00e0 c\u1ea7n thi\u1ebft cho m\u1ee5c \u0111\u00edch \u0111\u00e3 \u0111\u1ecbnh, tu\u00e2n th\u1ee7 ngh\u0129a v\u1ee5 ph\u00e1p l\u00fd, gi\u1ea3i quy\u1ebft tranh ch\u1ea5p, b\u1ea3o v\u1ec7 t\u00e0i s\u1ea3n v\u00e0 th\u1ef1c thi c\u00e1c th\u1ecfa thu\u1eadn.<\/p><p><strong>S\u1eed d\u1ee5ng Cookie v\u00e0 C\u00f4ng ngh\u1ec7 Web<\/strong><\/p><p>DirectCM employs tools such as cookies, web links, and beacons to gather data, analyze traffic patterns, and personalize services. These tools collect information including browser types, referring websites, IP addresses, browsing histories, and site interactions.<\/p><p><strong>C\u00e1c kh\u00eda c\u1ea1nh \u0111\u00e1ng ch\u00fa \u00fd bao g\u1ed3m:<\/strong><\/p><ul><li>S\u1eed d\u1ee5ng \u0111\u1ecba ch\u1ec9 IP \u0111\u1ec3 nh\u1eadn d\u1ea1ng thi\u1ebft b\u1ecb v\u00e0 h\u1ed7 tr\u1ee3 giao ti\u1ebfp tr\u1ef1c tuy\u1ebfn.<\/li><li>Thu th\u1eadp d\u1eef li\u1ec7u d\u00f2ng nh\u1ea5p chu\u1ed9t \u0111\u1ec3 \u0111i\u1ec1u h\u01b0\u1edbng trang web n\u00e2ng cao.<\/li><li>S\u1ef1 hi\u1ec7n di\u1ec7n c\u1ee7a c\u00e1c ti\u1ec7n \u00edch c\u1ee7a b\u00ean th\u1ee9 ba tr\u00ean trang web c\u1ee7a ch\u00fang t\u00f4i, tu\u00e2n theo ch\u00ednh s\u00e1ch b\u1ea3o m\u1eadt t\u01b0\u01a1ng \u1ee9ng c\u1ee7a h\u1ecd.<\/li><\/ul><p><strong>Quy\u1ec1n ri\u00eang t\u01b0 theo t\u1eebng ti\u1ec3u bang c\u1ee5 th\u1ec3<\/strong><\/p><ul><li>C\u01b0 d\u00e2n California: Theo Lu\u1eadt \u201cShine the Light\u201d, c\u01b0 d\u00e2n c\u00f3 th\u1ec3 h\u1ecfi v\u1ec1 d\u1eef li\u1ec7u c\u00e1 nh\u00e2n \u0111\u01b0\u1ee3c chia s\u1ebb v\u1edbi c\u00e1c doanh nghi\u1ec7p kh\u00e1c cho m\u1ee5c \u0111\u00edch ti\u1ebfp th\u1ecb tr\u1ef1c ti\u1ebfp. C\u00e1c y\u00eau c\u1ea7u n\u00ean \u0111\u01b0\u1ee3c h\u01b0\u1edbng t\u1edbi <a href=\"mailto:CS@DirectCM.com\">CS@DirectCM.com<\/a> .<\/li><li>C\u01b0 d\u00e2n Nevada: Ch\u00fang t\u00f4i kh\u00f4ng b\u00e1n th\u00f4ng tin c\u00e1 nh\u00e2n theo quy \u0111\u1ecbnh c\u1ee7a lu\u1eadt bang Nevada. Nh\u1eefng thay \u0111\u1ed5i \u0111\u1ed1i v\u1edbi ch\u00ednh s\u00e1ch n\u00e0y s\u1ebd \u0111\u01b0\u1ee3c ph\u1ea3n \u00e1nh trong tuy\u00ean b\u1ed1 v\u1ec1 quy\u1ec1n ri\u00eang t\u01b0 c\u1ee7a ch\u00fang t\u00f4i.<\/li><\/ul><p><strong>Th\u00f4ng tin li\u00ean l\u1ea1c<\/strong><\/p><p>\u0110\u1ed1i v\u1edbi c\u00e1c v\u1ea5n \u0111\u1ec1 li\u00ean quan \u0111\u1ebfn quy\u1ec1n ri\u00eang t\u01b0, h\u00e3y li\u00ean h\u1ec7:<\/p><ul><li>E-mail: <a href=\"mailto:CS@DirectCM.com\">CS@DirectCM.com<\/a><\/li><li>Phone: 949-508-1899<\/li><li>Mail: DirectCM, Privacy Officer, 18008 Sky Park Cir #100B, Irvine, CA 92614<\/li><\/ul>\t\t\t\t\t\t\t\t<\/div>\n\t\t\t\t<\/div>\n\t\t\t\t\t<\/div>\n\t\t<\/div>\n\t\t\t\t\t<\/div>\n\t\t<\/section>\n\t\t\t\t<\/div>","protected":false},"excerpt":{"rendered":"<p>Privacy Policy Collection of Personal Information &#8220;Personal Information&#8221; pertains to identifiable data including, but not limited to, names, addresses, email [&hellip;]<\/p>","protected":false},"author":1,"featured_media":0,"parent":0,"menu_order":0,"comment_status":"closed","ping_status":"closed","template":"","meta":{"site-sidebar-layout":"no-sidebar","site-content-layout":"","ast-site-content-layout":"full-width-container","site-content-style":"default","site-sidebar-style":"default","ast-global-header-display":"","ast-banner-title-visibility":"","ast-main-header-display":"","ast-hfb-above-header-display":"","ast-hfb-below-header-display":"","ast-hfb-mobile-header-display":"","site-post-title":"disabled","ast-breadcrumbs-content":"","ast-featured-img":"disabled","footer-sml-layout":"","theme-transparent-header-meta":"","adv-header-id-meta":"","stick-header-meta":"","header-above-stick-meta":"","header-main-stick-meta":"","header-below-stick-meta":"","astra-migrate-meta-layouts":"default","ast-page-background-enabled":"default","ast-page-background-meta":{"desktop":{"background-color":"var(--ast-global-color-4)","background-image":"","background-repeat":"repeat","background-position":"center center","background-size":"auto","background-attachment":"scroll","background-type":"","background-media":"","overlay-type":"","overlay-color":"","overlay-gradient":""},"tablet":{"background-color":"","background-image":"","background-repeat":"repeat","background-position":"center center","background-size":"auto","background-attachment":"scroll","background-type":"","background-media":"","overlay-type":"","overlay-color":"","overlay-gradient":""},"mobile":{"background-color":"","background-image":"","background-repeat":"repeat","background-position":"center center","background-size":"auto","background-attachment":"scroll","background-type":"","background-media":"","overlay-type":"","overlay-color":"","overlay-gradient":""}},"ast-content-background-meta":{"desktop":{"background-color":"var(--ast-global-color-5)","background-image":"","background-repeat":"repeat","background-position":"center center","background-size":"auto","background-attachment":"scroll","background-type":"","background-media":"","overlay-type":"","overlay-color":"","overlay-gradient":""},"tablet":{"background-color":"var(--ast-global-color-5)","background-image":"","background-repeat":"repeat","background-position":"center center","background-size":"auto","background-attachment":"scroll","background-type":"","background-media":"","overlay-type":"","overlay-color":"","overlay-gradient":""},"mobile":{"background-color":"var(--ast-global-color-5)","background-image":"","background-repeat":"repeat","background-position":"center center","background-size":"auto","background-attachment":"scroll","background-type":"","background-media":"","overlay-type":"","overlay-color":"","overlay-gradient":""}},"footnotes":""},"class_list":["post-5997","page","type-page","status-publish","hentry"],"_links":{"self":[{"href":"https:\/\/directcm.com\/vi\/wp-json\/wp\/v2\/pages\/5997","targetHints":{"allow":["GET"]}}],"collection":[{"href":"https:\/\/directcm.com\/vi\/wp-json\/wp\/v2\/pages"}],"about":[{"href":"https:\/\/directcm.com\/vi\/wp-json\/wp\/v2\/types\/page"}],"author":[{"embeddable":true,"href":"https:\/\/directcm.com\/vi\/wp-json\/wp\/v2\/users\/1"}],"replies":[{"embeddable":true,"href":"https:\/\/directcm.com\/vi\/wp-json\/wp\/v2\/comments?post=5997"}],"version-history":[{"count":35,"href":"https:\/\/directcm.com\/vi\/wp-json\/wp\/v2\/pages\/5997\/revisions"}],"predecessor-version":[{"id":8755,"href":"https:\/\/directcm.com\/vi\/wp-json\/wp\/v2\/pages\/5997\/revisions\/8755"}],"wp:attachment":[{"href":"https:\/\/directcm.com\/vi\/wp-json\/wp\/v2\/media?parent=5997"}],"curies":[{"name":"wp","href":"https:\/\/api.w.org\/{rel}","templated":true}]}}